{"id":13,"date":"2025-11-27T23:36:35","date_gmt":"2025-11-27T23:36:35","guid":{"rendered":"https:\/\/grupoadme.com.mx\/?page_id=13"},"modified":"2026-03-21T15:27:48","modified_gmt":"2026-03-21T15:27:48","slug":"inicio","status":"publish","type":"page","link":"https:\/\/grupoadme.com.mx\/","title":{"rendered":"Inicio"},"content":{"rendered":"\t\t<div data-elementor-type=\"wp-page\" data-elementor-id=\"13\" class=\"elementor elementor-13\">\n\t\t\t\t<div class=\"elementor-element elementor-element-91881b9 e-con-full e-flex e-con e-parent\" data-id=\"91881b9\" data-element_type=\"container\" data-e-type=\"container\" data-settings=\"{&quot;background_background&quot;:&quot;classic&quot;}\">\n\t\t\t\t<div class=\"elementor-element elementor-element-bc6d42e elementor-widget elementor-widget-spacer\" data-id=\"bc6d42e\" data-element_type=\"widget\" data-e-type=\"widget\" data-widget_type=\"spacer.default\">\n\t\t\t\t\t\t\t<div class=\"elementor-spacer\">\n\t\t\t<div class=\"elementor-spacer-inner\"><\/div>\n\t\t<\/div>\n\t\t\t\t\t\t<\/div>\n\t\t\t\t<div class=\"elementor-element elementor-element-1643cea elementor-widget elementor-widget-spacer\" data-id=\"1643cea\" data-element_type=\"widget\" data-e-type=\"widget\" data-widget_type=\"spacer.default\">\n\t\t\t\t\t\t\t<div class=\"elementor-spacer\">\n\t\t\t<div class=\"elementor-spacer-inner\"><\/div>\n\t\t<\/div>\n\t\t\t\t\t\t<\/div>\n\t\t\t\t<\/div>\n\t\t<div class=\"elementor-element elementor-element-9701a93 e-flex e-con-boxed elementor-invisible e-con e-parent\" data-id=\"9701a93\" data-element_type=\"container\" data-e-type=\"container\" data-settings=\"{&quot;animation&quot;:&quot;fadeIn&quot;}\">\n\t\t\t\t\t<div class=\"e-con-inner\">\n\t\t\t\t<div class=\"elementor-element elementor-element-9110735 elementor-widget elementor-widget-spacer\" data-id=\"9110735\" data-element_type=\"widget\" data-e-type=\"widget\" data-widget_type=\"spacer.default\">\n\t\t\t\t\t\t\t<div class=\"elementor-spacer\">\n\t\t\t<div class=\"elementor-spacer-inner\"><\/div>\n\t\t<\/div>\n\t\t\t\t\t\t<\/div>\n\t\t\t\t<div class=\"elementor-element elementor-element-462851b elementor-widget elementor-widget-heading\" data-id=\"462851b\" data-element_type=\"widget\" data-e-type=\"widget\" data-widget_type=\"heading.default\">\n\t\t\t\t\t<h2 class=\"elementor-heading-title elementor-size-default\">Quienes somos<\/h2>\t\t\t\t<\/div>\n\t\t\t\t<div class=\"elementor-element elementor-element-10226f4 elementor-widget elementor-widget-heading\" data-id=\"10226f4\" data-element_type=\"widget\" data-e-type=\"widget\" data-widget_type=\"heading.default\">\n\t\t\t\t\t<h2 class=\"elementor-heading-title elementor-size-default\">GRUPO ADME<\/h2>\t\t\t\t<\/div>\n\t\t\t\t<div class=\"elementor-element elementor-element-23b720d elementor-widget-divider--view-line elementor-widget elementor-widget-divider\" data-id=\"23b720d\" data-element_type=\"widget\" data-e-type=\"widget\" data-widget_type=\"divider.default\">\n\t\t\t\t\t\t\t<div class=\"elementor-divider\">\n\t\t\t<span class=\"elementor-divider-separator\">\n\t\t\t\t\t\t<\/span>\n\t\t<\/div>\n\t\t\t\t\t\t<\/div>\n\t\t<div class=\"elementor-element elementor-element-58bd5cf e-con-full e-flex e-con e-child\" data-id=\"58bd5cf\" data-element_type=\"container\" data-e-type=\"container\">\n\t\t<div class=\"elementor-element elementor-element-7703943 e-con-full e-flex e-con e-child\" data-id=\"7703943\" data-element_type=\"container\" data-e-type=\"container\">\n\t\t\t\t<div class=\"elementor-element elementor-element-4bf833f elementor-widget elementor-widget-text-editor\" data-id=\"4bf833f\" data-element_type=\"widget\" data-e-type=\"widget\" data-widget_type=\"text-editor.default\">\n\t\t\t\t\t\t\t\t\t<p><strong data-start=\"285\" data-end=\"498\">Somos una firma l\u00edder en arquitectura residencial, industrial y comercial, con m\u00e1s de 20 a\u00f1os de experiencia creando espacios que transforman la vida de las personas y potencian el crecimiento de las empresas.<\/strong> Nuestro equipo de arquitectos, ingenieros y especialistas en construcci\u00f3n desarrolla proyectos a la medida, combinando est\u00e9tica, funcionalidad, innovaci\u00f3n y eficiencia.<\/p>\t\t\t\t\t\t\t\t<\/div>\n\t\t\t\t<\/div>\n\t\t<div class=\"elementor-element elementor-element-b69a2e9 e-con-full e-flex e-con e-child\" data-id=\"b69a2e9\" data-element_type=\"container\" data-e-type=\"container\" data-settings=\"{&quot;background_background&quot;:&quot;classic&quot;}\">\n\t\t\t\t<div class=\"elementor-element elementor-element-1a8b02e elementor-widget elementor-widget-spacer\" data-id=\"1a8b02e\" data-element_type=\"widget\" data-e-type=\"widget\" data-widget_type=\"spacer.default\">\n\t\t\t\t\t\t\t<div class=\"elementor-spacer\">\n\t\t\t<div class=\"elementor-spacer-inner\"><\/div>\n\t\t<\/div>\n\t\t\t\t\t\t<\/div>\n\t\t\t\t<\/div>\n\t\t\t\t<\/div>\n\t\t\t\t<div class=\"elementor-element elementor-element-a3c8260 elementor-widget elementor-widget-spacer\" data-id=\"a3c8260\" data-element_type=\"widget\" data-e-type=\"widget\" data-widget_type=\"spacer.default\">\n\t\t\t\t\t\t\t<div class=\"elementor-spacer\">\n\t\t\t<div class=\"elementor-spacer-inner\"><\/div>\n\t\t<\/div>\n\t\t\t\t\t\t<\/div>\n\t\t\t\t\t<\/div>\n\t\t\t\t<\/div>\n\t\t<div class=\"elementor-element elementor-element-227fee9 e-flex e-con-boxed elementor-invisible e-con e-parent\" data-id=\"227fee9\" data-element_type=\"container\" data-e-type=\"container\" data-settings=\"{&quot;background_background&quot;:&quot;classic&quot;,&quot;animation&quot;:&quot;fadeIn&quot;}\">\n\t\t\t\t\t<div class=\"e-con-inner\">\n\t\t<div class=\"elementor-element elementor-element-6099515 e-flex e-con-boxed e-con e-child\" data-id=\"6099515\" data-element_type=\"container\" data-e-type=\"container\">\n\t\t\t\t\t<div class=\"e-con-inner\">\n\t\t\t\t<div class=\"elementor-element elementor-element-9dac59b elementor-widget elementor-widget-spacer\" data-id=\"9dac59b\" data-element_type=\"widget\" data-e-type=\"widget\" data-widget_type=\"spacer.default\">\n\t\t\t\t\t\t\t<div class=\"elementor-spacer\">\n\t\t\t<div class=\"elementor-spacer-inner\"><\/div>\n\t\t<\/div>\n\t\t\t\t\t\t<\/div>\n\t\t\t\t<div class=\"elementor-element elementor-element-0a5fbe2 elementor-widget elementor-widget-text-editor\" data-id=\"0a5fbe2\" data-element_type=\"widget\" data-e-type=\"widget\" data-widget_type=\"text-editor.default\">\n\t\t\t\t\t\t\t\t\t<p>Nos especializamos en <strong data-start=\"691\" data-end=\"798\">dise\u00f1o arquitect\u00f3nico, planificaci\u00f3n integral, construcci\u00f3n, supervisi\u00f3n de obra y gesti\u00f3n de proyectos<\/strong>, garantizando resultados de alta calidad, costo-efectivos y alineados a las necesidades de cada cliente. A lo largo de dos d\u00e9cadas, hemos consolidado una trayectoria basada en la confianza, la precisi\u00f3n t\u00e9cnica y el compromiso con la excelencia.<\/p>\t\t\t\t\t\t\t\t<\/div>\n\t\t\t\t<div class=\"elementor-element elementor-element-2151676 elementor-widget elementor-widget-spacer\" data-id=\"2151676\" data-element_type=\"widget\" data-e-type=\"widget\" data-widget_type=\"spacer.default\">\n\t\t\t\t\t\t\t<div class=\"elementor-spacer\">\n\t\t\t<div class=\"elementor-spacer-inner\"><\/div>\n\t\t<\/div>\n\t\t\t\t\t\t<\/div>\n\t\t\t\t\t<\/div>\n\t\t\t\t<\/div>\n\t\t\t\t\t<\/div>\n\t\t\t\t<\/div>\n\t\t<div class=\"elementor-element elementor-element-e20f133 e-flex e-con-boxed elementor-invisible e-con e-parent\" data-id=\"e20f133\" data-element_type=\"container\" data-e-type=\"container\" data-settings=\"{&quot;animation&quot;:&quot;fadeIn&quot;}\">\n\t\t\t\t\t<div class=\"e-con-inner\">\n\t\t<div class=\"elementor-element elementor-element-601e979 e-con-full e-flex e-con e-child\" data-id=\"601e979\" data-element_type=\"container\" data-e-type=\"container\">\n\t\t\t\t<div class=\"elementor-element elementor-element-eafb0d9 elementor-widget elementor-widget-spacer\" data-id=\"eafb0d9\" data-element_type=\"widget\" data-e-type=\"widget\" data-widget_type=\"spacer.default\">\n\t\t\t\t\t\t\t<div class=\"elementor-spacer\">\n\t\t\t<div class=\"elementor-spacer-inner\"><\/div>\n\t\t<\/div>\n\t\t\t\t\t\t<\/div>\n\t\t\t\t<div class=\"elementor-element elementor-element-c6140aa elementor-widget elementor-widget-heading\" data-id=\"c6140aa\" data-element_type=\"widget\" data-e-type=\"widget\" data-widget_type=\"heading.default\">\n\t\t\t\t\t<h2 class=\"elementor-heading-title elementor-size-default\">Nuestros servicios<\/h2>\t\t\t\t<\/div>\n\t\t\t\t<div class=\"elementor-element elementor-element-f84e851 elementor-widget elementor-widget-heading\" data-id=\"f84e851\" data-element_type=\"widget\" data-e-type=\"widget\" data-widget_type=\"heading.default\">\n\t\t\t\t\t<h2 class=\"elementor-heading-title elementor-size-default\">\u00bfQue hacemos?<\/h2>\t\t\t\t<\/div>\n\t\t\t\t<div class=\"elementor-element elementor-element-b10a307 elementor-widget-divider--view-line elementor-widget elementor-widget-divider\" data-id=\"b10a307\" data-element_type=\"widget\" data-e-type=\"widget\" data-widget_type=\"divider.default\">\n\t\t\t\t\t\t\t<div class=\"elementor-divider\">\n\t\t\t<span class=\"elementor-divider-separator\">\n\t\t\t\t\t\t<\/span>\n\t\t<\/div>\n\t\t\t\t\t\t<\/div>\n\t\t\t\t<\/div>\n\t\t\t\t\t<\/div>\n\t\t\t\t<\/div>\n\t\t<div class=\"elementor-element elementor-element-c870414 e-flex e-con-boxed e-con e-parent\" data-id=\"c870414\" data-element_type=\"container\" data-e-type=\"container\">\n\t\t\t\t\t<div class=\"e-con-inner\">\n\t\t<div class=\"elementor-element elementor-element-04a8c2a e-con-full e-flex e-con e-child\" data-id=\"04a8c2a\" data-element_type=\"container\" data-e-type=\"container\">\n\t\t\t\t<div class=\"elementor-element elementor-element-a907f07 elementor-invisible elementor-widget elementor-widget-image\" data-id=\"a907f07\" data-element_type=\"widget\" data-e-type=\"widget\" data-settings=\"{&quot;_animation&quot;:&quot;fadeIn&quot;}\" data-widget_type=\"image.default\">\n\t\t\t\t\t\t\t\t\t\t\t\t\t\t\t<img fetchpriority=\"high\" decoding=\"async\" width=\"768\" height=\"370\" src=\"https:\/\/grupoadme.com.mx\/wp-content\/uploads\/2026\/03\/SERVICIOS-ICONOS_1-768x370.png\" class=\"attachment-medium_large size-medium_large wp-image-196\" alt=\"\" srcset=\"https:\/\/grupoadme.com.mx\/wp-content\/uploads\/2026\/03\/SERVICIOS-ICONOS_1-768x370.png 768w, https:\/\/grupoadme.com.mx\/wp-content\/uploads\/2026\/03\/SERVICIOS-ICONOS_1-300x144.png 300w, https:\/\/grupoadme.com.mx\/wp-content\/uploads\/2026\/03\/SERVICIOS-ICONOS_1.png 814w\" sizes=\"(max-width: 768px) 100vw, 768px\" \/>\t\t\t\t\t\t\t\t\t\t\t\t\t\t\t<\/div>\n\t\t\t\t<div class=\"elementor-element elementor-element-ae3a91e elementor-widget-divider--view-line elementor-invisible elementor-widget elementor-widget-divider\" data-id=\"ae3a91e\" data-element_type=\"widget\" data-e-type=\"widget\" data-settings=\"{&quot;_animation&quot;:&quot;fadeIn&quot;}\" data-widget_type=\"divider.default\">\n\t\t\t\t\t\t\t<div class=\"elementor-divider\">\n\t\t\t<span class=\"elementor-divider-separator\">\n\t\t\t\t\t\t<\/span>\n\t\t<\/div>\n\t\t\t\t\t\t<\/div>\n\t\t\t\t<div class=\"elementor-element elementor-element-c733169 elementor-widget elementor-widget-heading\" data-id=\"c733169\" data-element_type=\"widget\" data-e-type=\"widget\" data-settings=\"{&quot;_animation&quot;:&quot;none&quot;}\" data-widget_type=\"heading.default\">\n\t\t\t\t\t<h2 class=\"elementor-heading-title elementor-size-default\">Arquitectura habitacional <\/h2>\t\t\t\t<\/div>\n\t\t\t\t<div class=\"elementor-element elementor-element-d393c49 elementor-widget elementor-widget-text-editor\" data-id=\"d393c49\" data-element_type=\"widget\" data-e-type=\"widget\" data-widget_type=\"text-editor.default\">\n\t\t\t\t\t\t\t\t\t<p>Cada detalle est\u00e1 pensado para mejorar la calidad de vida de los usuarios, integrando dise\u00f1o moderno con soluciones constructivas eficientes<\/p>\t\t\t\t\t\t\t\t<\/div>\n\t\t\t\t<\/div>\n\t\t<div class=\"elementor-element elementor-element-dfcae2c e-con-full e-flex e-con e-child\" data-id=\"dfcae2c\" data-element_type=\"container\" data-e-type=\"container\">\n\t\t\t\t<div class=\"elementor-element elementor-element-b2f13f8 elementor-invisible elementor-widget elementor-widget-image\" data-id=\"b2f13f8\" data-element_type=\"widget\" data-e-type=\"widget\" data-settings=\"{&quot;_animation&quot;:&quot;fadeIn&quot;}\" data-widget_type=\"image.default\">\n\t\t\t\t\t\t\t\t\t\t\t\t\t\t\t<img decoding=\"async\" width=\"768\" height=\"370\" src=\"https:\/\/grupoadme.com.mx\/wp-content\/uploads\/2026\/03\/SERVICIOS-ICONOS_2-768x370.png\" class=\"attachment-medium_large size-medium_large wp-image-197\" alt=\"\" srcset=\"https:\/\/grupoadme.com.mx\/wp-content\/uploads\/2026\/03\/SERVICIOS-ICONOS_2-768x370.png 768w, https:\/\/grupoadme.com.mx\/wp-content\/uploads\/2026\/03\/SERVICIOS-ICONOS_2-300x144.png 300w, https:\/\/grupoadme.com.mx\/wp-content\/uploads\/2026\/03\/SERVICIOS-ICONOS_2.png 814w\" sizes=\"(max-width: 768px) 100vw, 768px\" \/>\t\t\t\t\t\t\t\t\t\t\t\t\t\t\t<\/div>\n\t\t\t\t<div class=\"elementor-element elementor-element-b6f3301 elementor-widget-divider--view-line elementor-invisible elementor-widget elementor-widget-divider\" data-id=\"b6f3301\" data-element_type=\"widget\" data-e-type=\"widget\" data-settings=\"{&quot;_animation&quot;:&quot;fadeIn&quot;}\" data-widget_type=\"divider.default\">\n\t\t\t\t\t\t\t<div class=\"elementor-divider\">\n\t\t\t<span class=\"elementor-divider-separator\">\n\t\t\t\t\t\t<\/span>\n\t\t<\/div>\n\t\t\t\t\t\t<\/div>\n\t\t\t\t<div class=\"elementor-element elementor-element-679113e elementor-widget elementor-widget-heading\" data-id=\"679113e\" data-element_type=\"widget\" data-e-type=\"widget\" data-settings=\"{&quot;_animation&quot;:&quot;none&quot;}\" data-widget_type=\"heading.default\">\n\t\t\t\t\t<h2 class=\"elementor-heading-title elementor-size-default\">Arquitectura Industrial<\/h2>\t\t\t\t<\/div>\n\t\t\t\t<div class=\"elementor-element elementor-element-7f66399 elementor-widget elementor-widget-text-editor\" data-id=\"7f66399\" data-element_type=\"widget\" data-e-type=\"widget\" data-widget_type=\"text-editor.default\">\n\t\t\t\t\t\t\t\t\t<p>Dise\u00f1o y construcci\u00f3n de nave industrial moderna, optimizada para eficiencia operativa, ventilaci\u00f3n y funcionalidad, cumpliendo est\u00e1ndares de arquitectura industrial y normativas vigentes.<\/p>\t\t\t\t\t\t\t\t<\/div>\n\t\t\t\t<\/div>\n\t\t<div class=\"elementor-element elementor-element-287eb1e e-con-full e-flex e-con e-child\" data-id=\"287eb1e\" data-element_type=\"container\" data-e-type=\"container\">\n\t\t\t\t<div class=\"elementor-element elementor-element-f26f461 elementor-invisible elementor-widget elementor-widget-image\" data-id=\"f26f461\" data-element_type=\"widget\" data-e-type=\"widget\" data-settings=\"{&quot;_animation&quot;:&quot;fadeIn&quot;}\" data-widget_type=\"image.default\">\n\t\t\t\t\t\t\t\t\t\t\t\t\t\t\t<img decoding=\"async\" width=\"768\" height=\"370\" src=\"https:\/\/grupoadme.com.mx\/wp-content\/uploads\/2026\/03\/SERVICIOS-ICONOS_3-768x370.png\" class=\"attachment-medium_large size-medium_large wp-image-198\" alt=\"\" srcset=\"https:\/\/grupoadme.com.mx\/wp-content\/uploads\/2026\/03\/SERVICIOS-ICONOS_3-768x370.png 768w, https:\/\/grupoadme.com.mx\/wp-content\/uploads\/2026\/03\/SERVICIOS-ICONOS_3-300x144.png 300w, https:\/\/grupoadme.com.mx\/wp-content\/uploads\/2026\/03\/SERVICIOS-ICONOS_3.png 814w\" sizes=\"(max-width: 768px) 100vw, 768px\" \/>\t\t\t\t\t\t\t\t\t\t\t\t\t\t\t<\/div>\n\t\t\t\t<div class=\"elementor-element elementor-element-f17feb6 elementor-widget-divider--view-line elementor-invisible elementor-widget elementor-widget-divider\" data-id=\"f17feb6\" data-element_type=\"widget\" data-e-type=\"widget\" data-settings=\"{&quot;_animation&quot;:&quot;fadeIn&quot;}\" data-widget_type=\"divider.default\">\n\t\t\t\t\t\t\t<div class=\"elementor-divider\">\n\t\t\t<span class=\"elementor-divider-separator\">\n\t\t\t\t\t\t<\/span>\n\t\t<\/div>\n\t\t\t\t\t\t<\/div>\n\t\t\t\t<div class=\"elementor-element elementor-element-bed9b51 elementor-widget elementor-widget-heading\" data-id=\"bed9b51\" data-element_type=\"widget\" data-e-type=\"widget\" data-settings=\"{&quot;_animation&quot;:&quot;none&quot;}\" data-widget_type=\"heading.default\">\n\t\t\t\t\t<h2 class=\"elementor-heading-title elementor-size-default\">Remodelaci\u00f3n<\/h2>\t\t\t\t<\/div>\n\t\t\t\t<div class=\"elementor-element elementor-element-8974d0e elementor-widget elementor-widget-text-editor\" data-id=\"8974d0e\" data-element_type=\"widget\" data-e-type=\"widget\" data-widget_type=\"text-editor.default\">\n\t\t\t\t\t\t\t\t\t<p>Remodelamos tus espacios para que tus ideas cobren vida.<\/p>\t\t\t\t\t\t\t\t<\/div>\n\t\t\t\t<\/div>\n\t\t<div class=\"elementor-element elementor-element-fba6a9f e-con-full e-flex e-con e-child\" data-id=\"fba6a9f\" data-element_type=\"container\" data-e-type=\"container\">\n\t\t\t\t<\/div>\n\t\t<div class=\"elementor-element elementor-element-77d226c e-con-full e-flex e-con e-child\" data-id=\"77d226c\" data-element_type=\"container\" data-e-type=\"container\">\n\t\t\t\t<\/div>\n\t\t<div class=\"elementor-element elementor-element-f6cb0b0 e-con-full e-flex e-con e-child\" data-id=\"f6cb0b0\" data-element_type=\"container\" data-e-type=\"container\">\n\t\t\t\t<\/div>\n\t\t\t\t\t<\/div>\n\t\t\t\t<\/div>\n\t\t\t\t<\/div>\n\t\t","protected":false},"excerpt":{"rendered":"<p>Quienes somos GRUPO ADME Somos una firma l\u00edder en arquitectura residencial, industrial y comercial, con m\u00e1s de 20 a\u00f1os de experiencia creando espacios que transforman la vida de las personas y potencian el crecimiento de las empresas. Nuestro equipo de arquitectos, ingenieros y especialistas en construcci\u00f3n desarrolla proyectos a la medida, combinando est\u00e9tica, funcionalidad, innovaci\u00f3n [&hellip;]<\/p>\n","protected":false},"author":2,"featured_media":0,"parent":0,"menu_order":0,"comment_status":"closed","ping_status":"closed","template":"elementor_header_footer","meta":{"footnotes":""},"class_list":["post-13","page","type-page","status-publish","hentry"],"_links":{"self":[{"href":"https:\/\/grupoadme.com.mx\/index.php?rest_route=\/wp\/v2\/pages\/13","targetHints":{"allow":["GET"]}}],"collection":[{"href":"https:\/\/grupoadme.com.mx\/index.php?rest_route=\/wp\/v2\/pages"}],"about":[{"href":"https:\/\/grupoadme.com.mx\/index.php?rest_route=\/wp\/v2\/types\/page"}],"author":[{"embeddable":true,"href":"https:\/\/grupoadme.com.mx\/index.php?rest_route=\/wp\/v2\/users\/2"}],"replies":[{"embeddable":true,"href":"https:\/\/grupoadme.com.mx\/index.php?rest_route=%2Fwp%2Fv2%2Fcomments&post=13"}],"version-history":[{"count":49,"href":"https:\/\/grupoadme.com.mx\/index.php?rest_route=\/wp\/v2\/pages\/13\/revisions"}],"predecessor-version":[{"id":242,"href":"https:\/\/grupoadme.com.mx\/index.php?rest_route=\/wp\/v2\/pages\/13\/revisions\/242"}],"wp:attachment":[{"href":"https:\/\/grupoadme.com.mx\/index.php?rest_route=%2Fwp%2Fv2%2Fmedia&parent=13"}],"curies":[{"name":"wp","href":"https:\/\/api.w.org\/{rel}","templated":true}]}}