{"id":169,"date":"2026-03-01T18:38:11","date_gmt":"2026-03-01T18:38:11","guid":{"rendered":"https:\/\/grupoadme.com.mx\/?page_id=169"},"modified":"2026-04-06T03:32:16","modified_gmt":"2026-04-06T03:32:16","slug":"portafolio","status":"publish","type":"page","link":"https:\/\/grupoadme.com.mx\/?page_id=169","title":{"rendered":"Portafolio"},"content":{"rendered":"\t\t<div data-elementor-type=\"wp-page\" data-elementor-id=\"169\" class=\"elementor elementor-169\">\n\t\t\t\t<div class=\"elementor-element elementor-element-e956c66 e-con-full e-flex e-con e-parent\" data-id=\"e956c66\" data-element_type=\"container\" data-e-type=\"container\" data-settings=\"{&quot;background_background&quot;:&quot;gradient&quot;}\">\n\t\t\t\t<div class=\"elementor-element elementor-element-8d33ee2 bdt-image-match-height-desktop--yes bdt-image-match-height-tablet--yes bdt-image-match-height-mobile--yes elementor-widget elementor-widget-prime-slider-isolate\" data-id=\"8d33ee2\" data-element_type=\"widget\" data-e-type=\"widget\" data-widget_type=\"prime-slider-isolate.default\">\n\t\t\t\t\t\t\t<div class=\"bdt-prime-slider\">\n\t\t\t<div class=\"bdt-prime-slider-skin-isolate content-position-inherit content-position-column\" data-bdt-lightbox=\"toggle: .bdt-slide-play-button&gt;a; animation: slide; video-autoplay: true;\">\n\t\t\t\t<div class=\"bdt-position-relative bdt-visible-toggle\" data-settings=\"{&quot;id&quot;:&quot;#bdt-8d33ee2&quot;,&quot;animation_status&quot;:&quot;no&quot;}\" id=\"bdt-8d33ee2\" bdt-slideshow=\"{&quot;animation&quot;:&quot;fade&quot;,&quot;ratio&quot;:&quot;16:9&quot;,&quot;min-height&quot;:&quot;600&quot;,&quot;autoplay&quot;:true,&quot;autoplay-interval&quot;:7000,&quot;pause-on-hover&quot;:false,&quot;velocity&quot;:1,&quot;finite&quot;:false}\">\n\t\t\t\t\t<ul class=\"bdt-slideshow-items\">\n\t\t\t\t\t\t         \n        <li class=\"bdt-slideshow-item bdt-flex bdt-flex-column bdt-flex-middle elementor-repeater-item-d67d039 \">\n            <div class=\"bdt-width-1-1 bdt-width-1-2@s\">\n                        <div class=\"bdt-slideshow-content-wrapper\">\n            <div class=\"bdt-prime-slider-wrapper\">\n                <div class=\"bdt-prime-slider-content\">\n                    <div class=\"bdt-prime-slider-desc bdt-flex bdt-flex-column\">\n\n                                                    <div class=\"bdt-sub-title bdt-ps-sub-title\">\n                                <h4 class=\"bdt-sub-title-tag\" data-reveal=\"reveal-active\" data-bdt-slideshow-parallax=\"y: 50,0,-50; opacity: 1,1,0\">\n                                    ARQUITECTURA Y CONSTRUCCI\u00d3N                                <\/h4>\n                            <\/div>\n                        \n                                                    <div class=\"bdt-main-title\">\n                                <h1 class=\"bdt-title-tag\" data-reveal=\"reveal-active\" data-bdt-slideshow-parallax=\"y: 50,0,-50; opacity: 1,1,0\">\n                                                                            <span class=\"frist-word\">COMERCIAL<\/span>                                                                         <\/h1>\n                            <\/div>\n                        \n                                                    <div class=\"bdt-slider-excerpt\" data-reveal=\"reveal-active\" data-bdt-slideshow-parallax=\"y: 100,0,-80; opacity: 1,1,0\">\n                                <p>Proyecto de arquitectura comercial dise\u00f1ado para maximizar la experiencia del usuario, la visibilidad del negocio y la eficiencia del espacio.<\/p>                            <\/div>\n                        \n                        <div class=\"bdt-isolate-btn\" data-reveal=\"reveal-active\" data-bdt-slideshow-parallax=\"y: 150,0,-100; opacity: 1,1,0\">\n                            \n\t\t\t\n\t\t\t\t<a class=\"bdt-slide-btn\" href=\"#\">\n\n\t\t\t\t\t\t\t\t\t\t<span class=\"bdt-prime-slider-button-wrapper\">\n\n\t\t\t\t\t\t<span class=\"bdt-prime-slider-button-text bdt-flex bdt-flex-middle bdt-flex-inline\">Conoce m\u00e1s<span class=\"bdt-slide-btn-icon\"><svg width=\"20\" height=\"20\" viewBox=\"0 0 20 20\" xmlns=\"http:\/\/www.w3.org\/2000\/svg\" data-svg=\"arrow-right\">\n\t\t\t\t\t\t\t\t\t<polyline fill=\"none\" stroke=\"#000\" points=\"10 5 15 9.5 10 14\"><\/polyline>\n\t\t\t\t\t\t\t\t\t<line fill=\"none\" stroke=\"#000\" x1=\"4\" y1=\"9.5\" x2=\"15\" y2=\"9.5\"><\/line>\n\t\t\t\t\t\t\t\t<\/svg><\/span><\/span>\n\n\t\t\t\t\t<\/span>\n\n\n\t\t\t\t<\/a>\n\t\t\t                        <\/div>\n\n                    <\/div>\n\n                <\/div>\n            <\/div>\n        <\/div>\n\n                    <\/div>\n            <div class=\"bdt-width-1-1 bdt-width-1-2@s bdt-match-height\">\n                <div class=\"bdt-position-relative bdt-slide-overlay\" data-reveal=\"reveal-active\">\n                    \n                        <img fetchpriority=\"high\" decoding=\"async\" width=\"1000\" height=\"1661\" src=\"https:\/\/grupoadme.com.mx\/wp-content\/uploads\/2026\/03\/potafolio.jpg\" class=\"attachment-full size-full\" alt=\"COMERCIAL\" srcset=\"https:\/\/grupoadme.com.mx\/wp-content\/uploads\/2026\/03\/potafolio.jpg 1000w, https:\/\/grupoadme.com.mx\/wp-content\/uploads\/2026\/03\/potafolio-181x300.jpg 181w, https:\/\/grupoadme.com.mx\/wp-content\/uploads\/2026\/03\/potafolio-616x1024.jpg 616w, https:\/\/grupoadme.com.mx\/wp-content\/uploads\/2026\/03\/potafolio-768x1276.jpg 768w, https:\/\/grupoadme.com.mx\/wp-content\/uploads\/2026\/03\/potafolio-925x1536.jpg 925w\" sizes=\"(max-width: 1000px) 100vw, 1000px\" \/>\n                        \n                                    <\/div>\n            <\/div>\n                    <\/li>\n\n\t             \n        <li class=\"bdt-slideshow-item bdt-flex bdt-flex-column bdt-flex-middle elementor-repeater-item-d31386d \">\n            <div class=\"bdt-width-1-1 bdt-width-1-2@s\">\n                        <div class=\"bdt-slideshow-content-wrapper\">\n            <div class=\"bdt-prime-slider-wrapper\">\n                <div class=\"bdt-prime-slider-content\">\n                    <div class=\"bdt-prime-slider-desc bdt-flex bdt-flex-column\">\n\n                                                    <div class=\"bdt-sub-title bdt-ps-sub-title\">\n                                <h4 class=\"bdt-sub-title-tag\" data-reveal=\"reveal-active\" data-bdt-slideshow-parallax=\"y: 50,0,-50; opacity: 1,1,0\">\n                                    ARQUITECTURA Y CONSTRUCCI\u00d3N                                <\/h4>\n                            <\/div>\n                        \n                                                    <div class=\"bdt-main-title\">\n                                <h1 class=\"bdt-title-tag\" data-reveal=\"reveal-active\" data-bdt-slideshow-parallax=\"y: 50,0,-50; opacity: 1,1,0\">\n                                                                            <span class=\"frist-word\">RESIDENCIAL<\/span>                                                                         <\/h1>\n                            <\/div>\n                        \n                                                    <div class=\"bdt-slider-excerpt\" data-reveal=\"reveal-active\" data-bdt-slideshow-parallax=\"y: 100,0,-80; opacity: 1,1,0\">\n                                <p>Proyecto residencial que combina dise\u00f1o arquitect\u00f3nico moderno, funcionalidad y confort, creando espacios ideales para la vida diaria.<\/p>                            <\/div>\n                        \n                        <div class=\"bdt-isolate-btn\" data-reveal=\"reveal-active\" data-bdt-slideshow-parallax=\"y: 150,0,-100; opacity: 1,1,0\">\n                            \n\t\t\t\n\t\t\t\t<a class=\"bdt-slide-btn\" href=\"#\">\n\n\t\t\t\t\t\t\t\t\t\t<span class=\"bdt-prime-slider-button-wrapper\">\n\n\t\t\t\t\t\t<span class=\"bdt-prime-slider-button-text bdt-flex bdt-flex-middle bdt-flex-inline\">Conoce m\u00e1s<span class=\"bdt-slide-btn-icon\"><svg width=\"20\" height=\"20\" viewBox=\"0 0 20 20\" xmlns=\"http:\/\/www.w3.org\/2000\/svg\" data-svg=\"arrow-right\">\n\t\t\t\t\t\t\t\t\t<polyline fill=\"none\" stroke=\"#000\" points=\"10 5 15 9.5 10 14\"><\/polyline>\n\t\t\t\t\t\t\t\t\t<line fill=\"none\" stroke=\"#000\" x1=\"4\" y1=\"9.5\" x2=\"15\" y2=\"9.5\"><\/line>\n\t\t\t\t\t\t\t\t<\/svg><\/span><\/span>\n\n\t\t\t\t\t<\/span>\n\n\n\t\t\t\t<\/a>\n\t\t\t                        <\/div>\n\n                    <\/div>\n\n                <\/div>\n            <\/div>\n        <\/div>\n\n                    <\/div>\n            <div class=\"bdt-width-1-1 bdt-width-1-2@s bdt-match-height\">\n                <div class=\"bdt-position-relative bdt-slide-overlay\" data-reveal=\"reveal-active\">\n                    \n                        <img decoding=\"async\" width=\"1920\" height=\"1080\" src=\"https:\/\/grupoadme.com.mx\/wp-content\/uploads\/2026\/02\/CONTACTO.jpg\" class=\"attachment-full size-full\" alt=\"RESIDENCIAL\" srcset=\"https:\/\/grupoadme.com.mx\/wp-content\/uploads\/2026\/02\/CONTACTO.jpg 1920w, https:\/\/grupoadme.com.mx\/wp-content\/uploads\/2026\/02\/CONTACTO-300x169.jpg 300w, https:\/\/grupoadme.com.mx\/wp-content\/uploads\/2026\/02\/CONTACTO-1024x576.jpg 1024w, https:\/\/grupoadme.com.mx\/wp-content\/uploads\/2026\/02\/CONTACTO-768x432.jpg 768w, https:\/\/grupoadme.com.mx\/wp-content\/uploads\/2026\/02\/CONTACTO-1536x864.jpg 1536w\" sizes=\"(max-width: 1920px) 100vw, 1920px\" \/>\n                        \n                                    <\/div>\n            <\/div>\n                    <\/li>\n\n\t    \n\t\t\t\t\t<\/ul>\n\n\t\t\t\t\t\n                            <div class=\"bdt-flex bdt-flex-column bdt-navigation-arrows reveal-muted\">\n                    <div class=\"bdt-width-expand@s\">\n                    <\/div>\n                    <div class=\"bdt-width-1-1 bdt-width-1-2@s\">\n                        <a class=\"bdt-prime-slider-previous\" href=\"#\" bdt-slideshow-item=\"previous\"><i class=\"ps-wi-arrow-left-5\"><\/i><\/a>\n\n                        <a class=\"bdt-prime-slider-next\" href=\"#\" bdt-slideshow-item=\"next\"><i class=\"ps-wi-arrow-right-5\"><\/i><\/a>\n                    <\/div>\n                <\/div>\n\n\n            \n        \t\t\t\t\t\n            \n                <ul class=\"bdt-slideshow-nav bdt-dotnav bdt-dotnav-vertical reveal-muted\"><\/ul>\n\n            \n        \n\t\t\t\t<\/div>\n\t\t\t\t\t\t\t<div class=\"bdt-scroll-down-wrapper\">\n\t\t\t\t<span class=\"bdt-scroll-down reveal-muted\" data-settings=\"[]\" data-selector=\"#my-header\">\n\t\t\t\t\t\t\t\t<span bdt-scrollspy=\"cls: bdt-animation-slide-right; repeat: true\" class=\"bdt-prime-slider-button-wrapper bdt-scroll-down-content-wrapper\">\n\t\t\t\t<span class=\"bdt-scroll-icon\">\n\t\t\t\t\t<span class=\"ps-wi-arrow-down-4\"><\/span>\n\t\t\t\t<\/span>\n\t\t\t<\/span>\n\t\t\t\t\t\t<\/span>\n\t\t\t<\/div>\n\n\t\t\t\t\t<\/div>\n\t\t\t<\/div>\n\t\t\t\t\t\t<\/div>\n\t\t\t\t<\/div>\n\t\t\t\t<\/div>\n\t\t","protected":false},"excerpt":{"rendered":"<p>ARQUITECTURA Y CONSTRUCCI\u00d3N COMERCIAL Proyecto de arquitectura comercial dise\u00f1ado para maximizar la experiencia del usuario, la visibilidad del negocio y la eficiencia del espacio. Conoce m\u00e1s ARQUITECTURA Y CONSTRUCCI\u00d3N RESIDENCIAL Proyecto residencial que combina dise\u00f1o arquitect\u00f3nico moderno, funcionalidad y confort, creando espacios ideales para la vida diaria. Conoce m\u00e1s<\/p>\n","protected":false},"author":2,"featured_media":0,"parent":0,"menu_order":0,"comment_status":"closed","ping_status":"closed","template":"elementor_header_footer","meta":{"footnotes":""},"class_list":["post-169","page","type-page","status-publish","hentry"],"_links":{"self":[{"href":"https:\/\/grupoadme.com.mx\/index.php?rest_route=\/wp\/v2\/pages\/169","targetHints":{"allow":["GET"]}}],"collection":[{"href":"https:\/\/grupoadme.com.mx\/index.php?rest_route=\/wp\/v2\/pages"}],"about":[{"href":"https:\/\/grupoadme.com.mx\/index.php?rest_route=\/wp\/v2\/types\/page"}],"author":[{"embeddable":true,"href":"https:\/\/grupoadme.com.mx\/index.php?rest_route=\/wp\/v2\/users\/2"}],"replies":[{"embeddable":true,"href":"https:\/\/grupoadme.com.mx\/index.php?rest_route=%2Fwp%2Fv2%2Fcomments&post=169"}],"version-history":[{"count":25,"href":"https:\/\/grupoadme.com.mx\/index.php?rest_route=\/wp\/v2\/pages\/169\/revisions"}],"predecessor-version":[{"id":251,"href":"https:\/\/grupoadme.com.mx\/index.php?rest_route=\/wp\/v2\/pages\/169\/revisions\/251"}],"wp:attachment":[{"href":"https:\/\/grupoadme.com.mx\/index.php?rest_route=%2Fwp%2Fv2%2Fmedia&parent=169"}],"curies":[{"name":"wp","href":"https:\/\/api.w.org\/{rel}","templated":true}]}}